{"id":41,"date":"2019-04-15T10:35:47","date_gmt":"2019-04-15T10:35:47","guid":{"rendered":"https:\/\/inmocredex.com\/?p=41"},"modified":"2023-06-29T13:21:50","modified_gmt":"2023-06-29T13:21:50","slug":"calderon-casas","status":"publish","type":"product","link":"https:\/\/inmocredex.com\/?product=calderon-casas","title":{"rendered":"CASA LA CAPILLA CALDER\u00d3N"},"content":{"rendered":"<div class=\"uk-grid-large\" uk-grid=\"\">\n<div class=\"uk-flex-middle uk-width-1-3@m\">\n<h2 class=\"uk-h5 uk-margin-small\">Sector La Capilla Calder\u00f3n<\/h2>\n<p>Casas dise\u00f1adas para todo tipo de familias. Obt\u00e9n m\u00e1s informaci\u00f3n Aqu\u00ed. Lotes en zonas urbanas equipadas con \u00e1reas comunales y amplios espacios verdes. Cotiza Ahora con nosotros.<\/p>\n<\/div>\n<div class=\"uk-width-2-3@m\">\n<div>\n<div class=\"uk-child-width-1-2@s uk-grid-small\" uk-grid=\"\">\n<div><img loading=\"lazy\" decoding=\"async\" src=\"wp-content\/uploads\/2023\/05\/calderon-1-mini.jpg\" alt=\"\" width=\"610\" height=\"455\" \/><\/div>\n<div><img loading=\"lazy\" decoding=\"async\" src=\"wp-content\/uploads\/2023\/05\/calderon-2-mini.jpg\" alt=\"\" width=\"610\" height=\"455\" \/><\/div>\n<\/div>\n<\/div>\n<\/div>\n<\/div>\n","protected":false},"excerpt":{"rendered":"<p><strong>Sector la Capilla en Calder\u00f3n <\/strong><\/p>\n<p><span style=\"font-weight: 400;\">Con todos los Servicios B\u00e1sicos<br \/>\n<\/span><span style=\"font-weight: 400;\">Escrituras al d\u00eda<br \/>\n<\/span><span style=\"font-weight: 400;\">Seguridad<\/span><\/p>\n<p>&nbsp;<\/p>\n","protected":false},"author":1,"featured_media":1559,"comment_status":"open","ping_status":"closed","template":"","meta":{"_acf_changed":false},"product_brand":[],"product_cat":[17],"product_tag":[27,28,29,30],"class_list":{"0":"post-41","1":"product","2":"type-product","3":"status-publish","4":"has-post-thumbnail","6":"product_cat-casa-compra-quito","7":"product_tag-quiito-terrenos","8":"product_tag-quito-lotes","9":"product_tag-compra-casa","10":"product_tag-ecuador","12":"first","13":"instock","14":"taxable","15":"shipping-taxable","16":"purchasable","17":"product-type-simple"},"acf":[],"_links":{"self":[{"href":"https:\/\/inmocredex.com\/index.php?rest_route=\/wp\/v2\/products\/41","targetHints":{"allow":["GET"]}}],"collection":[{"href":"https:\/\/inmocredex.com\/index.php?rest_route=\/wp\/v2\/products"}],"about":[{"href":"https:\/\/inmocredex.com\/index.php?rest_route=\/wp\/v2\/types\/product"}],"author":[{"embeddable":true,"href":"https:\/\/inmocredex.com\/index.php?rest_route=\/wp\/v2\/users\/1"}],"replies":[{"embeddable":true,"href":"https:\/\/inmocredex.com\/index.php?rest_route=%2Fwp%2Fv2%2Fcomments&post=41"}],"wp:featuredmedia":[{"embeddable":true,"href":"https:\/\/inmocredex.com\/index.php?rest_route=\/wp\/v2\/media\/1559"}],"wp:attachment":[{"href":"https:\/\/inmocredex.com\/index.php?rest_route=%2Fwp%2Fv2%2Fmedia&parent=41"}],"wp:term":[{"taxonomy":"product_brand","embeddable":true,"href":"https:\/\/inmocredex.com\/index.php?rest_route=%2Fwp%2Fv2%2Fproduct_brand&post=41"},{"taxonomy":"product_cat","embeddable":true,"href":"https:\/\/inmocredex.com\/index.php?rest_route=%2Fwp%2Fv2%2Fproduct_cat&post=41"},{"taxonomy":"product_tag","embeddable":true,"href":"https:\/\/inmocredex.com\/index.php?rest_route=%2Fwp%2Fv2%2Fproduct_tag&post=41"}],"curies":[{"name":"wp","href":"https:\/\/api.w.org\/{rel}","templated":true}]}}