{"id":1906,"date":"2023-07-13T18:23:24","date_gmt":"2023-07-13T18:23:24","guid":{"rendered":"https:\/\/inmocredex.com\/?post_type=product&#038;p=1906"},"modified":"2023-08-13T18:10:38","modified_gmt":"2023-08-13T18:10:38","slug":"casa-en-tambillo","status":"publish","type":"product","link":"https:\/\/inmocredex.com\/?product=casa-en-tambillo","title":{"rendered":"CASA EN TAMBILLO DOS PISOS"},"content":{"rendered":"<div class=\"uk-grid-large\" uk-grid=\"\">\n<div class=\"uk-flex-middle uk-width-1-3@m\">\n<h2 class=\"uk-h5 uk-margin-small\">Sector El Rosal en Tambillo<\/h2>\n<p>A tres minutos de la Panamericana, casa de loza con todos los servicios y terreno de 1000m2 con escrituras.<\/p>\n<p>Casas dise\u00f1adas para todo tipo de familias. Obt\u00e9n m\u00e1s informaci\u00f3n Aqu\u00ed. Lotes y casas en zonas urbanas equipadas con \u00e1reas comunales y amplios espacios verdes. Cotiza Ahora con nosotros.<\/p>\n<\/div>\n<\/div>\n<p><img loading=\"lazy\" decoding=\"async\" class=\"alignright size-medium wp-image-1910\" src=\"https:\/\/inmocredex.com\/wp-content\/uploads\/2023\/07\/5-300x225.png\" alt=\"\" width=\"300\" height=\"225\" srcset=\"https:\/\/inmocredex.com\/wp-content\/uploads\/2023\/07\/5-300x225.png 300w, https:\/\/inmocredex.com\/wp-content\/uploads\/2023\/07\/5-1024x768.png 1024w, https:\/\/inmocredex.com\/wp-content\/uploads\/2023\/07\/5-768x576.png 768w, https:\/\/inmocredex.com\/wp-content\/uploads\/2023\/07\/5-600x450.png 600w, https:\/\/inmocredex.com\/wp-content\/uploads\/2023\/07\/5.png 1220w\" sizes=\"auto, (max-width: 300px) 100vw, 300px\" \/><\/p>\n<p><img loading=\"lazy\" decoding=\"async\" class=\"alignright size-medium wp-image-1909\" src=\"https:\/\/inmocredex.com\/wp-content\/uploads\/2023\/07\/4-300x225.png\" alt=\"\" width=\"300\" height=\"225\" srcset=\"https:\/\/inmocredex.com\/wp-content\/uploads\/2023\/07\/4-300x225.png 300w, https:\/\/inmocredex.com\/wp-content\/uploads\/2023\/07\/4-1024x768.png 1024w, https:\/\/inmocredex.com\/wp-content\/uploads\/2023\/07\/4-768x576.png 768w, https:\/\/inmocredex.com\/wp-content\/uploads\/2023\/07\/4-600x450.png 600w, https:\/\/inmocredex.com\/wp-content\/uploads\/2023\/07\/4.png 1220w\" sizes=\"auto, (max-width: 300px) 100vw, 300px\" \/><\/p>\n<div><\/div>\n","protected":false},"excerpt":{"rendered":"<p><strong>Sector Barrio el Rosal Tambillo<\/strong><\/p>\n<p><span style=\"font-weight: 400;\">Con todos los Servicios B\u00e1sicos<br \/>\n<\/span><span style=\"font-weight: 400;\">Escrituras al d\u00eda<br \/>\n<\/span><span style=\"font-weight: 400;\">Cerca de la ciudad alejada del ruido<\/span><\/p>\n<p>Sala<\/p>\n<p>Comedor<\/p>\n<p>Dos Dormitorios<\/p>\n<p>Ba\u00f1o<\/p>\n<p>Patio trasero<\/p>\n<p>Terreno de 1000m2<\/p>\n<p>&nbsp;<\/p>\n","protected":false},"author":2,"featured_media":1908,"comment_status":"open","ping_status":"closed","template":"","meta":{"_acf_changed":false},"product_brand":[],"product_cat":[17],"product_tag":[27,28,29,30],"class_list":{"0":"post-1906","1":"product","2":"type-product","3":"status-publish","4":"has-post-thumbnail","6":"product_cat-casa-compra-quito","7":"product_tag-quiito-terrenos","8":"product_tag-quito-lotes","9":"product_tag-compra-casa","10":"product_tag-ecuador","12":"first","13":"instock","14":"taxable","15":"shipping-taxable","16":"purchasable","17":"product-type-simple"},"acf":[],"_links":{"self":[{"href":"https:\/\/inmocredex.com\/index.php?rest_route=\/wp\/v2\/products\/1906","targetHints":{"allow":["GET"]}}],"collection":[{"href":"https:\/\/inmocredex.com\/index.php?rest_route=\/wp\/v2\/products"}],"about":[{"href":"https:\/\/inmocredex.com\/index.php?rest_route=\/wp\/v2\/types\/product"}],"author":[{"embeddable":true,"href":"https:\/\/inmocredex.com\/index.php?rest_route=\/wp\/v2\/users\/2"}],"replies":[{"embeddable":true,"href":"https:\/\/inmocredex.com\/index.php?rest_route=%2Fwp%2Fv2%2Fcomments&post=1906"}],"wp:featuredmedia":[{"embeddable":true,"href":"https:\/\/inmocredex.com\/index.php?rest_route=\/wp\/v2\/media\/1908"}],"wp:attachment":[{"href":"https:\/\/inmocredex.com\/index.php?rest_route=%2Fwp%2Fv2%2Fmedia&parent=1906"}],"wp:term":[{"taxonomy":"product_brand","embeddable":true,"href":"https:\/\/inmocredex.com\/index.php?rest_route=%2Fwp%2Fv2%2Fproduct_brand&post=1906"},{"taxonomy":"product_cat","embeddable":true,"href":"https:\/\/inmocredex.com\/index.php?rest_route=%2Fwp%2Fv2%2Fproduct_cat&post=1906"},{"taxonomy":"product_tag","embeddable":true,"href":"https:\/\/inmocredex.com\/index.php?rest_route=%2Fwp%2Fv2%2Fproduct_tag&post=1906"}],"curies":[{"name":"wp","href":"https:\/\/api.w.org\/{rel}","templated":true}]}}